{"id":23,"date":"2023-10-05T06:22:46","date_gmt":"2023-10-05T06:22:46","guid":{"rendered":"http:\/\/proiectsolution.ro\/?page_id=23"},"modified":"2024-11-22T18:16:40","modified_gmt":"2024-11-22T18:16:40","slug":"prima-pagina","status":"publish","type":"page","link":"https:\/\/proiectsolution.ro\/","title":{"rendered":"Home page"},"content":{"rendered":"\n<div class=\"wp-block-cover alignfull is-light\" style=\"min-height:700px;aspect-ratio:unset;\"><span aria-hidden=\"true\" class=\"wp-block-cover__background has-background-dim-30 has-background-dim\"><\/span><img loading=\"lazy\" decoding=\"async\" width=\"1920\" height=\"1280\" class=\"wp-block-cover__image-background wp-image-84\" alt=\"\" src=\"http:\/\/proiectsolution.ro\/wp-content\/uploads\/2023\/10\/laptop-3196481_1920-2.jpg\" data-object-fit=\"cover\" srcset=\"https:\/\/proiectsolution.ro\/wp-content\/uploads\/2023\/10\/laptop-3196481_1920-2.jpg 1920w, https:\/\/proiectsolution.ro\/wp-content\/uploads\/2023\/10\/laptop-3196481_1920-2-300x200.jpg 300w, https:\/\/proiectsolution.ro\/wp-content\/uploads\/2023\/10\/laptop-3196481_1920-2-1024x683.jpg 1024w, https:\/\/proiectsolution.ro\/wp-content\/uploads\/2023\/10\/laptop-3196481_1920-2-768x512.jpg 768w, https:\/\/proiectsolution.ro\/wp-content\/uploads\/2023\/10\/laptop-3196481_1920-2-1536x1024.jpg 1536w, https:\/\/proiectsolution.ro\/wp-content\/uploads\/2023\/10\/laptop-3196481_1920-2-930x620.jpg 930w\" sizes=\"auto, (max-width: 1920px) 100vw, 1920px\" \/><div class=\"wp-block-cover__inner-container is-layout-flow wp-block-cover-is-layout-flow\">\n<h1 class=\"wp-block-heading has-text-align-center has-white-color has-text-color\"><mark style=\"background-color:rgba(0, 0, 0, 0);color:#ffffff\" class=\"has-inline-color\"><strong>A&amp;D Proiect Solution<\/strong> <\/mark><\/h1>\n\n\n\n<h2 class=\"wp-block-heading has-text-align-center has-white-color has-text-color\">Partenerul t\u0103u de \u00eencredere <br>pentru solu\u021bii \u0219i consultan\u021b\u0103 de top<\/h2>\n\n\n\n<div class=\"wp-block-group\"><div class=\"wp-block-group__inner-container is-layout-flow wp-block-group-is-layout-flow\">\n<div class=\"wp-block-buttons is-content-justification-center is-layout-flex wp-container-core-buttons-is-layout-16018d1d wp-block-buttons-is-layout-flex\">\n<div class=\"wp-block-button is-style-primary\"><a class=\"wp-block-button__link wp-element-button\" href=\"https:\/\/proiectsolution.ro\/index.php\/despre\/\">Afla\u021bi mai multe<\/a><\/div>\n<\/div>\n<\/div><\/div>\n<\/div><\/div>\n\n\n\n<div style=\"height:108px\" aria-hidden=\"true\" class=\"wp-block-spacer\"><\/div>\n\n\n\n<div class=\"wp-block-columns is-layout-flex wp-container-core-columns-is-layout-9d6595d7 wp-block-columns-is-layout-flex\">\n<div class=\"wp-block-column is-vertically-aligned-top is-layout-flow wp-block-column-is-layout-flow\">\n<h2 class=\"wp-block-heading has-text-align-center has-neve-text-color-color has-text-color\">Consultan\u021b\u0103 strategic\u0103<\/h2>\n\n\n\n<p class=\"has-text-align-center\">Noi v\u0103 putem ajuta s\u0103 dezvolta\u021bi strategii de afaceri inteligente \u0219i sustenabile, adaptate pentru a v\u0103 ajuta s\u0103 v\u0103 atinge\u021bi obiectivele.<\/p>\n<\/div>\n\n\n\n<div class=\"wp-block-column is-layout-flow wp-block-column-is-layout-flow\">\n<h2 class=\"wp-block-heading has-text-align-center has-neve-text-color-color has-text-color\">Managementul proiectelor<\/h2>\n\n\n\n<p class=\"has-text-align-center\">Dac\u0103 ave\u021bi nevoie de expertiz\u0103 \u00een gestionarea proiectelor, suntem aici pentru a v\u0103 ajuta s\u0103 livra\u021bi proiectele la timp \u0219i \u00een buget.<\/p>\n<\/div>\n\n\n\n<div class=\"wp-block-column is-layout-flow wp-block-column-is-layout-flow\">\n<h2 class=\"wp-block-heading has-text-align-center has-neve-text-color-color has-text-color\">Elaborare strategii<\/h2>\n\n\n\n<p class=\"has-text-align-center\">Lucr\u0103m al\u0103turi de dumneavoastr\u0103 pentru a \u00eembun\u0103t\u0103\u021bi performan\u021ba organiza\u021bional\u0103 \u0219i pentru a implementa solu\u021bii eficiente.<\/p>\n<\/div>\n<\/div>\n\n\n\n<div style=\"height:80px\" aria-hidden=\"true\" class=\"wp-block-spacer\"><\/div>\n\n\n\n<div class=\"wp-block-cover alignfull wp-duotone-unset-1\" style=\"min-height:600px;aspect-ratio:unset;\"><span aria-hidden=\"true\" class=\"wp-block-cover__background has-nv-light-bg-background-color has-background-dim-100 has-background-dim\"><\/span><div class=\"wp-block-cover__inner-container is-layout-flow wp-block-cover-is-layout-flow\">\n<p><\/p>\n\n\n\n<h2 class=\"wp-block-heading has-text-align-left\"><mark style=\"background-color:rgba(0, 0, 0, 0)\" class=\"has-inline-color has-nv-dark-bg-color\">De ce A&amp;D Proiect Solution?<\/mark><\/h2>\n\n\n\n<div class=\"wp-block-group\"><div class=\"wp-block-group__inner-container is-layout-flow wp-block-group-is-layout-flow\">\n<div class=\"wp-block-columns are-vertically-aligned-center is-layout-flex wp-container-core-columns-is-layout-9d6595d7 wp-block-columns-is-layout-flex\">\n<div class=\"wp-block-column is-vertically-aligned-center is-layout-flow wp-block-column-is-layout-flow\" style=\"flex-basis:50%\"><div class=\"wp-block-image\">\n<figure class=\"alignleft size-full is-resized\"><img loading=\"lazy\" decoding=\"async\" width=\"612\" height=\"408\" src=\"http:\/\/proiectsolution.ro\/wp-content\/uploads\/2023\/10\/business-team-situation-present-share-idea.jpg\" alt=\"\" class=\"wp-image-70\" style=\"width:541px;height:auto\" srcset=\"https:\/\/proiectsolution.ro\/wp-content\/uploads\/2023\/10\/business-team-situation-present-share-idea.jpg 612w, https:\/\/proiectsolution.ro\/wp-content\/uploads\/2023\/10\/business-team-situation-present-share-idea-300x200.jpg 300w\" sizes=\"auto, (max-width: 612px) 100vw, 612px\" \/><\/figure>\n<\/div><\/div>\n\n\n\n<div class=\"wp-block-column is-vertically-aligned-center is-layout-flow wp-block-column-is-layout-flow\" style=\"flex-basis:50%\">\n<div style=\"height:20px\" aria-hidden=\"true\" class=\"wp-block-spacer\"><\/div>\n\n\n\n<h2 class=\"wp-block-heading has-neve-text-color-color has-text-color\">Experien\u021b\u0103<\/h2>\n\n\n\n<p class=\"has-text-align-left has-neve-text-color-color has-text-color\" style=\"font-size:17px\">Suntem m\u00e2ndri de experien\u021ba noastr\u0103 vast\u0103 \u0219i diversificat\u0103 \u00een domeniul consultan\u021bei. Aceasta ne permite s\u0103 oferim solu\u021bii practice \u0219i s\u0103 gestion\u0103m eficient provoc\u0103rile pe care le \u00eent\u00e2mpin\u0103 afacerile.<\/p>\n\n\n\n<div class=\"wp-block-buttons is-content-justification-left is-layout-flex wp-container-core-buttons-is-layout-fdcfc74e wp-block-buttons-is-layout-flex\">\n<div class=\"wp-block-button is-style-primary\"><a class=\"wp-block-button__link wp-element-button\" href=\"http:\/\/proiectsolution.ro\/index.php\/despre\/\">Despre noi<\/a><\/div>\n<\/div>\n<\/div>\n<\/div>\n<\/div><\/div>\n<\/div><\/div>\n\n\n\n<div class=\"wp-block-cover alignfull\" style=\"min-height:600px;aspect-ratio:unset;\"><span aria-hidden=\"true\" class=\"wp-block-cover__background has-nv-site-bg-background-color has-background-dim-100 has-background-dim\"><\/span><div class=\"wp-block-cover__inner-container is-layout-flow wp-block-cover-is-layout-flow\">\n<div class=\"wp-block-group\"><div class=\"wp-block-group__inner-container is-layout-flow wp-block-group-is-layout-flow\">\n<div class=\"wp-block-columns are-vertically-aligned-center is-layout-flex wp-container-core-columns-is-layout-9d6595d7 wp-block-columns-is-layout-flex\">\n<div class=\"wp-block-column is-vertically-aligned-center is-layout-flow wp-block-column-is-layout-flow\" style=\"flex-basis:50%\">\n<h2 class=\"wp-block-heading has-text-align-left has-neve-text-color-color has-text-color\">Transparen\u021b\u0103<\/h2>\n\n\n\n<p class=\"has-text-align-left has-neve-text-color-color has-text-color\" style=\"font-size:17px\">Ne conducem afacerea cu integritate \u0219i etic\u0103 \u00eenalt\u0103. Rela\u021biile de \u00eencredere cu clien\u021bii no\u0219tri sunt fundamentale pentru noi \u0219i suntem dedica\u021bi s\u0103 fim transparen\u021bi \u0219i one\u0219ti \u00een toate interac\u021biunile noastre.<\/p>\n\n\n\n<div class=\"wp-block-buttons is-content-justification-left is-layout-flex wp-container-core-buttons-is-layout-fdcfc74e wp-block-buttons-is-layout-flex\">\n<div class=\"wp-block-button is-style-primary\"><a class=\"wp-block-button__link wp-element-button\" href=\"http:\/\/proiectsolution.ro\/index.php\/portofoliu\/\">Portofoliul nostru<\/a><\/div>\n<\/div>\n\n\n\n<div style=\"height:40px\" aria-hidden=\"true\" class=\"wp-block-spacer\"><\/div>\n<\/div>\n\n\n\n<div class=\"wp-block-column is-vertically-aligned-center is-layout-flow wp-block-column-is-layout-flow\" style=\"flex-basis:50%\">\n<figure class=\"wp-block-image size-large is-resized\"><img loading=\"lazy\" decoding=\"async\" width=\"1024\" height=\"683\" src=\"http:\/\/proiectsolution.ro\/wp-content\/uploads\/2023\/10\/two-businessmen-shaking-hands-while-meeting-lobby-1024x683.jpg\" alt=\"\" class=\"wp-image-90\" style=\"width:685px;height:auto\" srcset=\"https:\/\/proiectsolution.ro\/wp-content\/uploads\/2023\/10\/two-businessmen-shaking-hands-while-meeting-lobby-1024x683.jpg 1024w, https:\/\/proiectsolution.ro\/wp-content\/uploads\/2023\/10\/two-businessmen-shaking-hands-while-meeting-lobby-300x200.jpg 300w, https:\/\/proiectsolution.ro\/wp-content\/uploads\/2023\/10\/two-businessmen-shaking-hands-while-meeting-lobby-768x512.jpg 768w, https:\/\/proiectsolution.ro\/wp-content\/uploads\/2023\/10\/two-businessmen-shaking-hands-while-meeting-lobby-930x620.jpg 930w, https:\/\/proiectsolution.ro\/wp-content\/uploads\/2023\/10\/two-businessmen-shaking-hands-while-meeting-lobby.jpg 1125w\" sizes=\"auto, (max-width: 1024px) 100vw, 1024px\" \/><figcaption class=\"wp-element-caption\">Smiling young business partners in business casual wear looking at each other while shaking hands after agreement. Greeting concept<\/figcaption><\/figure>\n<\/div>\n<\/div>\n<\/div><\/div>\n<\/div><\/div>\n\n\n\n<div class=\"wp-block-cover alignfull is-light\" style=\"min-height:600px;aspect-ratio:unset;\"><span aria-hidden=\"true\" class=\"wp-block-cover__background has-nv-light-bg-background-color has-background-dim\"><\/span><div class=\"wp-block-cover__inner-container is-layout-flow wp-block-cover-is-layout-flow\">\n<div class=\"wp-block-group\"><div class=\"wp-block-group__inner-container is-layout-flow wp-block-group-is-layout-flow\">\n<div class=\"wp-block-columns are-vertically-aligned-center is-layout-flex wp-container-core-columns-is-layout-9d6595d7 wp-block-columns-is-layout-flex\">\n<div class=\"wp-block-column is-vertically-aligned-center is-layout-flow wp-block-column-is-layout-flow\" style=\"flex-basis:50%\"><div class=\"wp-block-image\">\n<figure class=\"alignleft size-large is-resized\"><img loading=\"lazy\" decoding=\"async\" width=\"1024\" height=\"678\" src=\"http:\/\/proiectsolution.ro\/wp-content\/uploads\/2023\/10\/financial-2860753_1280-1024x678.jpg\" alt=\"\" class=\"wp-image-74\" style=\"width:559px;height:auto\" srcset=\"https:\/\/proiectsolution.ro\/wp-content\/uploads\/2023\/10\/financial-2860753_1280-1024x678.jpg 1024w, https:\/\/proiectsolution.ro\/wp-content\/uploads\/2023\/10\/financial-2860753_1280-300x199.jpg 300w, https:\/\/proiectsolution.ro\/wp-content\/uploads\/2023\/10\/financial-2860753_1280-768x509.jpg 768w, https:\/\/proiectsolution.ro\/wp-content\/uploads\/2023\/10\/financial-2860753_1280.jpg 1280w\" sizes=\"auto, (max-width: 1024px) 100vw, 1024px\" \/><\/figure>\n<\/div><\/div>\n\n\n\n<div class=\"wp-block-column is-vertically-aligned-center is-layout-flow wp-block-column-is-layout-flow\" style=\"flex-basis:50%\">\n<div style=\"height:40px\" aria-hidden=\"true\" class=\"wp-block-spacer\"><\/div>\n\n\n\n<h2 class=\"wp-block-heading has-text-align-left has-nv-dark-bg-color has-text-color\"><strong>Inov<\/strong>a\u021bie<\/h2>\n\n\n\n<p class=\"has-text-align-left has-nv-dark-bg-color has-text-color\" style=\"font-size:17px\">Ne adapt\u0103m constant la schimb\u0103rile \u00een mediul de afaceri \u0219i c\u0103ut\u0103m solu\u021bii inovatoare pentru a v\u0103 ajuta s\u0103 v\u0103 men\u021bine\u021bi competitivitatea.<\/p>\n\n\n\n<div class=\"wp-block-buttons is-content-justification-left is-layout-flex wp-container-core-buttons-is-layout-ab31b1cb wp-block-buttons-is-layout-flex\">\n<div class=\"wp-block-button is-style-primary\"><a class=\"wp-block-button__link wp-element-button\" href=\"http:\/\/proiectsolution.ro\/index.php\/contact\/\">Contacta\u021bi-ne<\/a><\/div>\n<\/div>\n<\/div>\n<\/div>\n<\/div><\/div>\n<\/div><\/div>\n\n\n\n<div style=\"height:97px\" aria-hidden=\"true\" class=\"wp-block-spacer\"><\/div>\n\n\n\n<div class=\"wp-block-cover alignfull\" style=\"min-height:600px;aspect-ratio:unset;\"><span aria-hidden=\"true\" class=\"wp-block-cover__background has-nv-site-bg-background-color has-background-dim\"><\/span><img loading=\"lazy\" decoding=\"async\" width=\"2560\" height=\"1707\" class=\"wp-block-cover__image-background wp-image-107\" alt=\"\" src=\"http:\/\/proiectsolution.ro\/wp-content\/uploads\/2023\/11\/benjamin-child-0sT9YhNgSEs-unsplash-2-scaled.jpg\" data-object-fit=\"cover\" srcset=\"https:\/\/proiectsolution.ro\/wp-content\/uploads\/2023\/11\/benjamin-child-0sT9YhNgSEs-unsplash-2-scaled.jpg 2560w, https:\/\/proiectsolution.ro\/wp-content\/uploads\/2023\/11\/benjamin-child-0sT9YhNgSEs-unsplash-2-300x200.jpg 300w, https:\/\/proiectsolution.ro\/wp-content\/uploads\/2023\/11\/benjamin-child-0sT9YhNgSEs-unsplash-2-1024x683.jpg 1024w, https:\/\/proiectsolution.ro\/wp-content\/uploads\/2023\/11\/benjamin-child-0sT9YhNgSEs-unsplash-2-768x512.jpg 768w, https:\/\/proiectsolution.ro\/wp-content\/uploads\/2023\/11\/benjamin-child-0sT9YhNgSEs-unsplash-2-1536x1024.jpg 1536w, https:\/\/proiectsolution.ro\/wp-content\/uploads\/2023\/11\/benjamin-child-0sT9YhNgSEs-unsplash-2-2048x1365.jpg 2048w, https:\/\/proiectsolution.ro\/wp-content\/uploads\/2023\/11\/benjamin-child-0sT9YhNgSEs-unsplash-2-930x620.jpg 930w\" sizes=\"auto, (max-width: 2560px) 100vw, 2560px\" \/><div class=\"wp-block-cover__inner-container is-layout-flow wp-block-cover-is-layout-flow\">\n<div class=\"wp-block-group\"><div class=\"wp-block-group__inner-container is-layout-flow wp-block-group-is-layout-flow\">\n<h2 class=\"wp-block-heading\"><mark style=\"background-color:rgba(0, 0, 0, 0)\" class=\"has-inline-color has-nv-dark-bg-color\">Experien\u021b\u0103 \u0219i Rezultate <br>Demonstrate<\/mark><\/h2>\n\n\n\n<div class=\"wp-block-buttons is-layout-flex wp-block-buttons-is-layout-flex\">\n<div class=\"wp-block-button is-style-primary\"><a class=\"wp-block-button__link wp-element-button\" href=\"https:\/\/proiectsolution.ro\/index.php\/detalii-proiect\/\">Recenzii de la clien\u021bi<\/a><\/div>\n<\/div>\n<\/div><\/div>\n<\/div><\/div>\n\n\n\n<div class=\"wp-block-columns is-layout-flex wp-container-core-columns-is-layout-9d6595d7 wp-block-columns-is-layout-flex\">\n<div class=\"wp-block-column is-vertically-aligned-center is-layout-flow wp-block-column-is-layout-flow\" style=\"flex-basis:100%\">\n<div class=\"wp-block-group alignfull is-vertical is-content-justification-center is-layout-flex wp-container-core-group-is-layout-dc097825 wp-block-group-is-layout-flex\" style=\"margin-top:0;margin-bottom:0;padding-top:var(--wp--preset--spacing--50);padding-right:var(--wp--preset--spacing--30);padding-bottom:var(--wp--preset--spacing--50);padding-left:var(--wp--preset--spacing--30)\">\n<div class=\"wp-block-columns are-vertically-aligned-center is-layout-flex wp-container-core-columns-is-layout-9d6595d7 wp-block-columns-is-layout-flex\">\n<div class=\"wp-block-column is-vertically-aligned-center is-layout-flow wp-block-column-is-layout-flow\" style=\"flex-basis:100%\">\n<h3 class=\"wp-block-heading has-text-align-center\">A&amp;D Proiect Solution<\/h3>\n\n\n\n<p class=\"has-text-align-center\">F\u0103g\u0103ra\u0219 B-dul Unirii bl. 1 B, Ap. 2B<\/p>\n\n\n\n<p class=\"has-text-align-center\">Telefon: +40 726 272 626 <br>+40 720 213 112<\/p>\n\n\n\n<p class=\"has-text-align-center\">Email: <strong>proiectsolution@yahoo.com<\/strong><\/p>\n<\/div>\n<\/div>\n<\/div>\n<\/div>\n<\/div>\n\n\n\n<p><\/p>\n","protected":false},"excerpt":{"rendered":"<p>Consultan\u021b\u0103 strategic\u0103 Noi v\u0103 putem ajuta s\u0103 dezvolta\u021bi strategii de afaceri inteligente \u0219i sustenabile, adaptate pentru a v\u0103 ajuta s\u0103 v\u0103 atinge\u021bi obiectivele. Managementul proiectelor Dac\u0103 ave\u021bi nevoie de expertiz\u0103 \u00een gestionarea proiectelor, suntem aici pentru a v\u0103 ajuta s\u0103 livra\u021bi proiectele la timp \u0219i \u00een buget. Elaborare strategii Lucr\u0103m al\u0103turi de dumneavoastr\u0103 pentru a&hellip;&nbsp;<a href=\"https:\/\/proiectsolution.ro\/\" class=\"\" rel=\"bookmark\">Cite\u0219te mai mult &raquo;<span class=\"screen-reader-text\">Home page<\/span><\/a><\/p>\n","protected":false},"author":1,"featured_media":42,"parent":0,"menu_order":0,"comment_status":"closed","ping_status":"closed","template":"","meta":{"neve_meta_sidebar":"","neve_meta_container":"","neve_meta_enable_content_width":"on","neve_meta_content_width":100,"neve_meta_title_alignment":"","neve_meta_author_avatar":"","neve_post_elements_order":"","neve_meta_disable_header":"","neve_meta_disable_footer":"","neve_meta_disable_title":"on","_ti_tpc_template_sync":false,"_ti_tpc_template_id":"","_glsr_average":0,"_glsr_ranking":0,"_glsr_reviews":0,"footnotes":"[]"},"class_list":["post-23","page","type-page","status-publish","has-post-thumbnail","hentry"],"_links":{"self":[{"href":"https:\/\/proiectsolution.ro\/index.php\/wp-json\/wp\/v2\/pages\/23","targetHints":{"allow":["GET"]}}],"collection":[{"href":"https:\/\/proiectsolution.ro\/index.php\/wp-json\/wp\/v2\/pages"}],"about":[{"href":"https:\/\/proiectsolution.ro\/index.php\/wp-json\/wp\/v2\/types\/page"}],"author":[{"embeddable":true,"href":"https:\/\/proiectsolution.ro\/index.php\/wp-json\/wp\/v2\/users\/1"}],"replies":[{"embeddable":true,"href":"https:\/\/proiectsolution.ro\/index.php\/wp-json\/wp\/v2\/comments?post=23"}],"version-history":[{"count":42,"href":"https:\/\/proiectsolution.ro\/index.php\/wp-json\/wp\/v2\/pages\/23\/revisions"}],"predecessor-version":[{"id":283,"href":"https:\/\/proiectsolution.ro\/index.php\/wp-json\/wp\/v2\/pages\/23\/revisions\/283"}],"wp:featuredmedia":[{"embeddable":true,"href":"https:\/\/proiectsolution.ro\/index.php\/wp-json\/wp\/v2\/media\/42"}],"wp:attachment":[{"href":"https:\/\/proiectsolution.ro\/index.php\/wp-json\/wp\/v2\/media?parent=23"}],"curies":[{"name":"wp","href":"https:\/\/api.w.org\/{rel}","templated":true}]}}