{"id":24,"date":"2023-10-05T06:22:46","date_gmt":"2023-10-05T06:22:46","guid":{"rendered":"http:\/\/proiectsolution.ro\/?page_id=24"},"modified":"2024-11-22T18:24:43","modified_gmt":"2024-11-22T18:24:43","slug":"despre","status":"publish","type":"page","link":"https:\/\/proiectsolution.ro\/index.php\/despre\/","title":{"rendered":"Despre noi"},"content":{"rendered":"\n<div style=\"height:100px\" aria-hidden=\"true\" class=\"wp-block-spacer\"><\/div>\n\n\n\n<div class=\"wp-block-media-text alignfull is-stacked-on-mobile has-nv-site-bg-background-color has-background\" style=\"grid-template-columns:38% auto\"><figure class=\"wp-block-media-text__media\"><img loading=\"lazy\" decoding=\"async\" width=\"1024\" height=\"1024\" src=\"http:\/\/proiectsolution.ro\/wp-content\/uploads\/2023\/12\/imagine-site-2.png\" alt=\"\" class=\"wp-image-155 size-full\" srcset=\"https:\/\/proiectsolution.ro\/wp-content\/uploads\/2023\/12\/imagine-site-2.png 1024w, https:\/\/proiectsolution.ro\/wp-content\/uploads\/2023\/12\/imagine-site-2-300x300.png 300w, https:\/\/proiectsolution.ro\/wp-content\/uploads\/2023\/12\/imagine-site-2-150x150.png 150w, https:\/\/proiectsolution.ro\/wp-content\/uploads\/2023\/12\/imagine-site-2-768x768.png 768w\" sizes=\"auto, (max-width: 1024px) 100vw, 1024px\" \/><\/figure><div class=\"wp-block-media-text__content\">\n<div class=\"wp-block-group\"><div class=\"wp-block-group__inner-container is-layout-flow wp-block-group-is-layout-flow\">\n<h1 class=\"wp-block-heading has-text-align-left has-neve-text-color-color has-text-color\"><mark style=\"background-color:rgba(0, 0, 0, 0)\" class=\"has-inline-color has-neve-text-color-color\">Despre noi<\/mark><\/h1>\n\n\n\n<div style=\"height:50px\" aria-hidden=\"true\" class=\"wp-block-spacer\"><\/div>\n\n\n\n<h3 class=\"wp-block-heading\"><mark style=\"background-color:rgba(0, 0, 0, 0); font-size: 30px;\" class=\"has-inline-color has-nv-dark-bg-color\">La <\/mark><mark style=\"background-color:rgba(0, 0, 0, 0)\" class=\"has-inline-color has-neve-link-color-color\">A&amp;D Proiect Solution<\/mark><mark style=\"background-color:rgba(0, 0, 0, 0); font-size: 30px;\" class=\"has-inline-color has-nv-dark-bg-color\">, credem \u00een puterea colabor\u0103rii <\/mark><br><mark style=\"background-color:rgba(0, 0, 0, 0); font-size: 30px;\" class=\"has-inline-color has-nv-dark-bg-color\">\u0219i a angajamentului fa\u021b\u0103 de clien\u021bi. <\/mark><\/h3>\n\n\n\n<p><strong>Afla\u021bi mai multe despre oamenii care fac acest lucru posibil.<\/strong><\/p>\n<\/div><\/div>\n<\/div><\/div>\n\n\n\n<div style=\"height:100px\" aria-hidden=\"true\" class=\"wp-block-spacer\"><\/div>\n\n\n\n<div class=\"wp-block-cover alignfull is-light\" style=\"min-height:600px;aspect-ratio:unset;\"><span aria-hidden=\"true\" class=\"wp-block-cover__background has-nv-text-dark-bg-background-color has-background-dim\"><\/span><div class=\"wp-block-cover__inner-container is-layout-flow wp-block-cover-is-layout-flow\">\n<div class=\"wp-block-group\"><div class=\"wp-block-group__inner-container is-layout-flow wp-block-group-is-layout-flow\">\n<div class=\"wp-block-columns is-layout-flex wp-container-core-columns-is-layout-9d6595d7 wp-block-columns-is-layout-flex\">\n<div class=\"wp-block-column is-layout-flow wp-block-column-is-layout-flow\">\n<div style=\"height:97px\" aria-hidden=\"true\" class=\"wp-block-spacer\"><\/div>\n\n\n\n<h1 class=\"wp-block-heading has-text-align-center has-neve-text-color-color has-text-color\">Dan Pul\u021bea &amp; Alina Badea<\/h1>\n\n\n\n<h2 class=\"wp-block-heading has-text-align-center has-neve-text-color-color has-text-color\">Fondatori <strong><mark style=\"background-color:rgba(0, 0, 0, 0)\" class=\"has-inline-color has-neve-link-color-color\">A&amp;D Proiect Solution<\/mark><\/strong><\/h2>\n<\/div>\n<\/div>\n<\/div><\/div>\n\n\n\n<div class=\"wp-block-group alignfull\"><div class=\"wp-block-group__inner-container is-layout-constrained wp-block-group-is-layout-constrained\">\n<div style=\"height:94px\" aria-hidden=\"true\" class=\"wp-block-spacer\"><\/div>\n<\/div><\/div>\n\n\n\n<h3 class=\"wp-block-heading alignwide\"><mark style=\"background-color:rgba(0, 0, 0, 0)\" class=\"has-inline-color has-neve-text-color-color\">La bazele firmei <em>A&amp;D Proiect Solution<\/em> stau visurile \u0219i pasiunea fondatorilor.<\/mark><\/h3>\n\n\n\n<p><\/p>\n\n\n\n<h3 class=\"wp-block-heading alignwide\"><mark style=\"background-color:rgba(0, 0, 0, 0)\" class=\"has-inline-color has-neve-text-color-color\">Cu ani de experien\u021b\u0103 \u0219i cursuri acreditate, ace\u0219tia au pus bazele companiei cu scopul de a oferi solu\u021bii de proiectare \u0219i dezvoltare inovatoare. <\/mark><\/h3>\n\n\n\n<p><\/p>\n\n\n\n<h3 class=\"wp-block-heading alignwide\"><mark style=\"background-color:rgba(0, 0, 0, 0)\" class=\"has-inline-color has-neve-text-color-color\">Prin munc\u0103 sus\u021binut\u0103 \u0219i angajament f\u0103r\u0103 echivoc, <mark style=\"background-color:rgba(0, 0, 0, 0)\" class=\"has-inline-color has-neve-text-color-color\">calitatea \u0219i excelen\u021ba<\/mark> au fost puse \u00eentotdeauna \u00een prim-plan. Fiecare proiect este abordat cu profesionalism \u0219i aten\u021bie la detalii, iar rezultatele vorbesc de la sine, cu clien\u021bi mul\u021bumi\u021bi care apreciaz\u0103 calitatea \u0219i eficien\u021ba echipei. <\/mark><\/h3>\n\n\n\n<p><\/p>\n\n\n\n<h3 class=\"wp-block-heading alignwide\"><mark style=\"background-color:rgba(0, 0, 0, 0)\" class=\"has-inline-color has-neve-text-color-color\">Amplasat \u00een inima F\u0103g\u0103ra\u0219ului, sediul nostru reflect\u0103 r\u0103d\u0103cinile noastre locale \u0219i angajamentul fa\u021b\u0103 de comunitate. Suntem m\u00e2ndri s\u0103 fim o for\u021b\u0103 inovatoare \u00een industrie \u0219i suntem dedica\u021bi s\u0103 aducem la via\u021b\u0103 viziunile clien\u021bilor no\u0219tri.<\/mark><\/h3>\n\n\n\n<div style=\"height:100px\" aria-hidden=\"true\" class=\"wp-block-spacer\"><\/div>\n<\/div><\/div>\n\n\n\n<div class=\"wp-block-cover alignfull\" style=\"min-height:600px;aspect-ratio:unset;\"><span aria-hidden=\"true\" class=\"wp-block-cover__background has-nv-dark-bg-background-color has-background-dim\"><\/span><img loading=\"lazy\" decoding=\"async\" width=\"1749\" height=\"1167\" class=\"wp-block-cover__image-background wp-image-247\" alt=\"\" src=\"http:\/\/proiectsolution.ro\/wp-content\/uploads\/2024\/11\/close-up-business-people-hand-shake.jpg\" style=\"object-position:73% 44%\" data-object-fit=\"cover\" data-object-position=\"73% 44%\" srcset=\"https:\/\/proiectsolution.ro\/wp-content\/uploads\/2024\/11\/close-up-business-people-hand-shake.jpg 1749w, https:\/\/proiectsolution.ro\/wp-content\/uploads\/2024\/11\/close-up-business-people-hand-shake-300x200.jpg 300w, https:\/\/proiectsolution.ro\/wp-content\/uploads\/2024\/11\/close-up-business-people-hand-shake-1024x683.jpg 1024w, https:\/\/proiectsolution.ro\/wp-content\/uploads\/2024\/11\/close-up-business-people-hand-shake-768x512.jpg 768w, https:\/\/proiectsolution.ro\/wp-content\/uploads\/2024\/11\/close-up-business-people-hand-shake-1536x1025.jpg 1536w, https:\/\/proiectsolution.ro\/wp-content\/uploads\/2024\/11\/close-up-business-people-hand-shake-930x620.jpg 930w\" sizes=\"auto, (max-width: 1749px) 100vw, 1749px\" \/><div class=\"wp-block-cover__inner-container is-layout-flow wp-block-cover-is-layout-flow\">\n<div class=\"wp-block-group\"><div class=\"wp-block-group__inner-container is-layout-flow wp-block-group-is-layout-flow\">\n<div style=\"height:80px\" aria-hidden=\"true\" class=\"wp-block-spacer\"><\/div>\n\n\n\n<h2 class=\"wp-block-heading has-nv-text-dark-bg-color has-text-color\">Transform\u0103m viziuni \u00een realitate<\/h2>\n\n\n\n<p class=\"has-nv-text-dark-bg-color has-text-color\">Indiferent dac\u0103 lucr\u0103m la proiecte mari sau la ini\u021biative mai mici, punem \u00eentotdeauna calitatea \u0219i excelen\u021ba \u00een prim-plan. <br>Suntem dedica\u021bi aducerii la via\u021b\u0103 a viziunii clien\u021bilor no\u0219tri, dep\u0103\u0219indu-le a\u0219tept\u0103rile \u0219i contribuind la succesul fiec\u0103rui proiect.<\/p>\n\n\n\n<p><\/p>\n<\/div><\/div>\n\n\n\n<div class=\"wp-block-buttons is-layout-flex wp-block-buttons-is-layout-flex\">\n<div class=\"wp-block-button is-style-primary\"><a class=\"wp-block-button__link wp-element-button\" href=\"https:\/\/proiectsolution.ro\/index.php\/contact\/\">Contacteaz\u0103-ne<\/a><\/div>\n<\/div>\n<\/div><\/div>\n\n\n\n<div style=\"height:100px\" aria-hidden=\"true\" class=\"wp-block-spacer\"><\/div>\n\n\n\n<p><\/p>\n","protected":false},"excerpt":{"rendered":"","protected":false},"author":1,"featured_media":0,"parent":0,"menu_order":0,"comment_status":"closed","ping_status":"closed","template":"","meta":{"neve_meta_sidebar":"","neve_meta_container":"","neve_meta_enable_content_width":"on","neve_meta_content_width":100,"neve_meta_title_alignment":"","neve_meta_author_avatar":"","neve_post_elements_order":"","neve_meta_disable_header":"","neve_meta_disable_footer":"","neve_meta_disable_title":"on","_ti_tpc_template_sync":false,"_ti_tpc_template_id":"","_glsr_average":0,"_glsr_ranking":0,"_glsr_reviews":0,"footnotes":""},"class_list":["post-24","page","type-page","status-publish","hentry"],"_links":{"self":[{"href":"https:\/\/proiectsolution.ro\/index.php\/wp-json\/wp\/v2\/pages\/24","targetHints":{"allow":["GET"]}}],"collection":[{"href":"https:\/\/proiectsolution.ro\/index.php\/wp-json\/wp\/v2\/pages"}],"about":[{"href":"https:\/\/proiectsolution.ro\/index.php\/wp-json\/wp\/v2\/types\/page"}],"author":[{"embeddable":true,"href":"https:\/\/proiectsolution.ro\/index.php\/wp-json\/wp\/v2\/users\/1"}],"replies":[{"embeddable":true,"href":"https:\/\/proiectsolution.ro\/index.php\/wp-json\/wp\/v2\/comments?post=24"}],"version-history":[{"count":31,"href":"https:\/\/proiectsolution.ro\/index.php\/wp-json\/wp\/v2\/pages\/24\/revisions"}],"predecessor-version":[{"id":289,"href":"https:\/\/proiectsolution.ro\/index.php\/wp-json\/wp\/v2\/pages\/24\/revisions\/289"}],"wp:attachment":[{"href":"https:\/\/proiectsolution.ro\/index.php\/wp-json\/wp\/v2\/media?parent=24"}],"curies":[{"name":"wp","href":"https:\/\/api.w.org\/{rel}","templated":true}]}}