{"id":25,"date":"2023-10-05T06:22:46","date_gmt":"2023-10-05T06:22:46","guid":{"rendered":"http:\/\/proiectsolution.ro\/?page_id=25"},"modified":"2024-11-22T17:47:20","modified_gmt":"2024-11-22T17:47:20","slug":"contact","status":"publish","type":"page","link":"https:\/\/proiectsolution.ro\/index.php\/contact\/","title":{"rendered":"Contact"},"content":{"rendered":"\n<div class=\"wp-block-cover alignfull is-light\" style=\"min-height:300px;aspect-ratio:unset;\"><span aria-hidden=\"true\" class=\"wp-block-cover__background has-nv-site-bg-background-color has-background-dim-100 has-background-dim\"><\/span><div class=\"wp-block-cover__inner-container is-layout-flow wp-block-cover-is-layout-flow\">\n<div class=\"wp-block-group\"><div class=\"wp-block-group__inner-container is-layout-flow wp-block-group-is-layout-flow\">\n<div style=\"height:100px\" aria-hidden=\"true\" class=\"wp-block-spacer\"><\/div>\n\n\n\n<h2 class=\"wp-block-heading has-text-align-left has-neve-text-color-color has-text-color\">\u00cempreun\u0103 implement\u0103m solu\u021bii de succes!<\/h2>\n\n\n\n<p>Contacta\u021bi-ne ast\u0103zi pentru a afla mai multe informa\u021bii.<\/p>\n\n\n\n<div style=\"height:0px\" aria-hidden=\"true\" class=\"wp-block-spacer\"><\/div>\n\n\n\n<div style=\"height:100px\" aria-hidden=\"true\" class=\"wp-block-spacer\"><\/div>\n\n\n<div class=\"wp-block-image\">\n<figure class=\"aligncenter size-large is-resized\"><img loading=\"lazy\" decoding=\"async\" width=\"1024\" height=\"683\" src=\"http:\/\/proiectsolution.ro\/wp-content\/uploads\/2023\/12\/amy-hirschi-JaoVGh5aJ3E-unsplash-1024x683.jpg\" alt=\"\" class=\"wp-image-208\" style=\"width:1236px;height:auto\" srcset=\"https:\/\/proiectsolution.ro\/wp-content\/uploads\/2023\/12\/amy-hirschi-JaoVGh5aJ3E-unsplash-1024x683.jpg 1024w, https:\/\/proiectsolution.ro\/wp-content\/uploads\/2023\/12\/amy-hirschi-JaoVGh5aJ3E-unsplash-300x200.jpg 300w, https:\/\/proiectsolution.ro\/wp-content\/uploads\/2023\/12\/amy-hirschi-JaoVGh5aJ3E-unsplash-768x512.jpg 768w, https:\/\/proiectsolution.ro\/wp-content\/uploads\/2023\/12\/amy-hirschi-JaoVGh5aJ3E-unsplash-1536x1024.jpg 1536w, https:\/\/proiectsolution.ro\/wp-content\/uploads\/2023\/12\/amy-hirschi-JaoVGh5aJ3E-unsplash-930x620.jpg 930w, https:\/\/proiectsolution.ro\/wp-content\/uploads\/2023\/12\/amy-hirschi-JaoVGh5aJ3E-unsplash.jpg 1920w\" sizes=\"auto, (max-width: 1024px) 100vw, 1024px\" \/><\/figure>\n<\/div>\n\n\n<div style=\"height:100px\" aria-hidden=\"true\" class=\"wp-block-spacer\"><\/div>\n\n\n\n<h3 class=\"wp-block-heading has-text-align-left\">O colaborare cu <mark style=\"background-color:rgba(0, 0, 0, 0)\" class=\"has-inline-color has-neve-link-color-color\">A&amp;D Proiect Solution<\/mark><em> <\/em>poate reprezenta pasul decisiv pentru transformarea \u0219i dezvoltarea durabil\u0103 a afacerii dumneavoastr\u0103.<\/h3>\n\n\n\n<p>V\u0103 a\u0219tept\u0103m s\u0103 lucr\u0103m \u00eempreun\u0103 pentru a v\u0103 ajuta s\u0103 v\u0103 atinge\u021bi obiectivele de afaceri!<\/p>\n\n\n\n<div style=\"height:100px\" aria-hidden=\"true\" class=\"wp-block-spacer\"><\/div>\n<\/div><\/div>\n<\/div><\/div>\n\n\n\n<div class=\"wp-block-cover alignfull is-light\" style=\"min-height:600px;aspect-ratio:unset;\"><span aria-hidden=\"true\" class=\"wp-block-cover__background has-nv-dark-bg-background-color has-background-dim-100 has-background-dim\"><\/span><div class=\"wp-block-cover__inner-container is-layout-flow wp-block-cover-is-layout-flow\">\n<div class=\"wp-block-group\"><div class=\"wp-block-group__inner-container is-layout-flow wp-block-group-is-layout-flow\">\n<div style=\"height:80px\" aria-hidden=\"true\" class=\"wp-block-spacer\"><\/div>\n\n\n\n<div class=\"wp-block-columns is-layout-flex wp-container-core-columns-is-layout-9d6595d7 wp-block-columns-is-layout-flex\">\n<div class=\"wp-block-column is-vertically-aligned-center is-layout-flow wp-block-column-is-layout-flow\" style=\"flex-basis:50%\">\n<h2 class=\"wp-block-heading has-nv-text-dark-bg-color has-text-color\">Contacta\u021bi-ne sau <br>face\u021bi-ne o vizit\u0103 <\/h2>\n\n\n\n<p class=\"has-white-color has-text-color\">Suntem aici pentru a v\u0103 ghida prin solu\u021biile noastre de consultan\u021b\u0103 personalizate. Contacta\u021bi-ne ast\u0103zi pentru a \u00eencepe \u00eempreun\u0103 c\u0103l\u0103toria c\u0103tre succesul afacerii dumneavoastr\u0103!<\/p>\n<\/div>\n\n\n\n<div class=\"wp-block-column is-vertically-aligned-center is-layout-flow wp-block-column-is-layout-flow\" style=\"flex-basis:50%\">\n<figure class=\"wp-block-image size-large\"><img loading=\"lazy\" decoding=\"async\" width=\"1024\" height=\"1024\" src=\"http:\/\/proiectsolution.ro\/wp-content\/uploads\/2023\/12\/AD-Proiect-Solution-1024x1024.png\" alt=\"\" class=\"wp-image-181\" srcset=\"https:\/\/proiectsolution.ro\/wp-content\/uploads\/2023\/12\/AD-Proiect-Solution-1024x1024.png 1024w, https:\/\/proiectsolution.ro\/wp-content\/uploads\/2023\/12\/AD-Proiect-Solution-300x300.png 300w, https:\/\/proiectsolution.ro\/wp-content\/uploads\/2023\/12\/AD-Proiect-Solution-150x150.png 150w, https:\/\/proiectsolution.ro\/wp-content\/uploads\/2023\/12\/AD-Proiect-Solution-768x768.png 768w, https:\/\/proiectsolution.ro\/wp-content\/uploads\/2023\/12\/AD-Proiect-Solution.png 1080w\" sizes=\"auto, (max-width: 1024px) 100vw, 1024px\" \/><\/figure>\n<\/div>\n<\/div>\n\n\n\n<div style=\"height:40px\" aria-hidden=\"true\" class=\"wp-block-spacer\"><\/div>\n<\/div><\/div>\n<\/div><\/div>\n\n\n\n<div class=\"wp-block-cover alignfull is-light\" style=\"min-height:420px;aspect-ratio:unset;\"><span aria-hidden=\"true\" class=\"wp-block-cover__background has-nv-light-bg-background-color has-background-dim-100 has-background-dim\"><\/span><div class=\"wp-block-cover__inner-container is-layout-flow wp-block-cover-is-layout-flow\">\n<div style=\"height:80px\" aria-hidden=\"true\" class=\"wp-block-spacer\"><\/div>\n\n\n\n<div class=\"wp-block-columns is-layout-flex wp-container-core-columns-is-layout-9d6595d7 wp-block-columns-is-layout-flex\">\n<div class=\"wp-block-column is-layout-flow wp-block-column-is-layout-flow\">\n<div style=\"height:24px\" aria-hidden=\"true\" class=\"wp-block-spacer\"><\/div>\n\n\n<div class=\"wp-block-image is-resized icon-style is-style-rounded\">\n<figure class=\"aligncenter\"><img decoding=\"async\" src=\"http:\/\/proiectsolution.ro\/wp-content\/themes\/neve\/assets\/img\/starter-content\/icon-05.svg\" alt=\"\"\/><\/figure>\n<\/div>\n\n\n<h3 class=\"wp-block-heading has-text-align-center has-neve-text-color-color has-text-color\">Ne pute\u021bi suna la:<\/h3>\n\n\n\n<p class=\"has-text-align-center has-neve-text-color-color has-text-color\" style=\"font-size:15px\">+40 720 213 112<br>40 726 272 626<\/p>\n\n\n\n<div style=\"height:24px\" aria-hidden=\"true\" class=\"wp-block-spacer\"><\/div>\n<\/div>\n\n\n\n<div class=\"wp-block-column is-layout-flow wp-block-column-is-layout-flow\">\n<div style=\"height:24px\" aria-hidden=\"true\" class=\"wp-block-spacer\"><\/div>\n\n\n<div class=\"wp-block-image is-resized icon-style is-style-rounded\">\n<figure class=\"aligncenter\"><img decoding=\"async\" src=\"http:\/\/proiectsolution.ro\/wp-content\/themes\/neve\/assets\/img\/starter-content\/icon-06.svg\" alt=\"\"\/><\/figure>\n<\/div>\n\n\n<h3 class=\"wp-block-heading has-text-align-center has-neve-text-color-color has-text-color\">Ne pute\u021bi scrie la e-mail:<\/h3>\n\n\n\n<p class=\"has-text-align-center has-neve-text-color-color has-text-color\" style=\"font-size:15px\">proiectsolution@yahoo.com<\/p>\n\n\n\n<div style=\"height:24px\" aria-hidden=\"true\" class=\"wp-block-spacer\"><\/div>\n<\/div>\n\n\n\n<div class=\"wp-block-column is-layout-flow wp-block-column-is-layout-flow\">\n<div style=\"height:24px\" aria-hidden=\"true\" class=\"wp-block-spacer\"><\/div>\n\n\n<div class=\"wp-block-image is-resized icon-style is-style-rounded\">\n<figure class=\"aligncenter\"><img decoding=\"async\" src=\"http:\/\/proiectsolution.ro\/wp-content\/themes\/neve\/assets\/img\/starter-content\/icon-04.svg\" alt=\"\"\/><\/figure>\n<\/div>\n\n\n<h3 class=\"wp-block-heading has-text-align-center has-neve-text-color-color has-text-color\">Ne pute\u021bi g\u0103si la sediu:<\/h3>\n\n\n\n<p class=\"has-text-align-center has-neve-text-color-color has-text-color\" style=\"font-size:15px\">F\u0103g\u0103ra\u0219, B-dul Unirii bl. 1 B, Ap. 2B<\/p>\n\n\n\n<div style=\"height:24px\" aria-hidden=\"true\" class=\"wp-block-spacer\"><\/div>\n<\/div>\n<\/div>\n\n\n\n<div style=\"height:30px\" aria-hidden=\"true\" class=\"wp-block-spacer\"><\/div>\n<\/div><\/div>\n","protected":false},"excerpt":{"rendered":"","protected":false},"author":1,"featured_media":0,"parent":0,"menu_order":0,"comment_status":"closed","ping_status":"closed","template":"","meta":{"neve_meta_sidebar":"","neve_meta_container":"","neve_meta_enable_content_width":"on","neve_meta_content_width":100,"neve_meta_title_alignment":"","neve_meta_author_avatar":"","neve_post_elements_order":"","neve_meta_disable_header":"","neve_meta_disable_footer":"","neve_meta_disable_title":"on","_ti_tpc_template_sync":false,"_ti_tpc_template_id":"","_glsr_average":0,"_glsr_ranking":0,"_glsr_reviews":0,"footnotes":""},"class_list":["post-25","page","type-page","status-publish","hentry"],"_links":{"self":[{"href":"https:\/\/proiectsolution.ro\/index.php\/wp-json\/wp\/v2\/pages\/25","targetHints":{"allow":["GET"]}}],"collection":[{"href":"https:\/\/proiectsolution.ro\/index.php\/wp-json\/wp\/v2\/pages"}],"about":[{"href":"https:\/\/proiectsolution.ro\/index.php\/wp-json\/wp\/v2\/types\/page"}],"author":[{"embeddable":true,"href":"https:\/\/proiectsolution.ro\/index.php\/wp-json\/wp\/v2\/users\/1"}],"replies":[{"embeddable":true,"href":"https:\/\/proiectsolution.ro\/index.php\/wp-json\/wp\/v2\/comments?post=25"}],"version-history":[{"count":17,"href":"https:\/\/proiectsolution.ro\/index.php\/wp-json\/wp\/v2\/pages\/25\/revisions"}],"predecessor-version":[{"id":271,"href":"https:\/\/proiectsolution.ro\/index.php\/wp-json\/wp\/v2\/pages\/25\/revisions\/271"}],"wp:attachment":[{"href":"https:\/\/proiectsolution.ro\/index.php\/wp-json\/wp\/v2\/media?parent=25"}],"curies":[{"name":"wp","href":"https:\/\/api.w.org\/{rel}","templated":true}]}}