{"id":27,"date":"2023-10-05T06:22:46","date_gmt":"2023-10-05T06:22:46","guid":{"rendered":"http:\/\/proiectsolution.ro\/?page_id=27"},"modified":"2024-11-22T18:05:39","modified_gmt":"2024-11-22T18:05:39","slug":"detalii-proiect","status":"publish","type":"page","link":"https:\/\/proiectsolution.ro\/index.php\/detalii-proiect\/","title":{"rendered":"Recenzii clienti"},"content":{"rendered":"\n<div class=\"wp-block-cover alignfull is-light\" style=\"min-height:320px;aspect-ratio:unset;\"><span aria-hidden=\"true\" class=\"wp-block-cover__background has-nv-site-bg-background-color has-background-dim-100 has-background-dim\"><\/span><div class=\"wp-block-cover__inner-container is-layout-flow wp-block-cover-is-layout-flow\">\n<div class=\"wp-block-group\"><div class=\"wp-block-group__inner-container is-layout-flow wp-block-group-is-layout-flow\">\n<div class=\"wp-block-columns are-vertically-aligned-center is-layout-flex wp-container-core-columns-is-layout-9d6595d7 wp-block-columns-is-layout-flex\">\n<div class=\"wp-block-column is-vertically-aligned-center is-layout-flow wp-block-column-is-layout-flow\" style=\"flex-basis:70%\">\n<div style=\"height:100px\" aria-hidden=\"true\" class=\"wp-block-spacer\"><\/div>\n\n\n\n<h1 class=\"wp-block-heading has-text-align-left has-neve-text-color-color has-text-color\">Ce spun clien\u021bii <br>A&amp;D Proiect Solution?<\/h1>\n\n\n\n<div style=\"height:86px\" aria-hidden=\"true\" class=\"wp-block-spacer\"><\/div>\n\n\n\n<p class=\"has-text-align-left has-neve-text-color-color has-text-color\" style=\"font-size:22px\">Satisfac\u021bia clien\u021bilor este cea mai bun\u0103 dovad\u0103 a succesului nostru. <br><br>Credem \u00een puterea colabor\u0103rii \u0219i a rela\u021biilor solide cu clien\u021bii no\u0219tri. Pe aceast\u0103 pagin\u0103, v\u0103 invit\u0103m s\u0103 explora\u021bi experien\u021bele clien\u021bilor care au ales s\u0103 lucreze cu noi, sau&nbsp;s\u0103&nbsp;ne&nbsp;l\u0103sa\u021bi&nbsp;o recenzie&nbsp;\u00een&nbsp;urm\u0103&nbsp;colabor\u0103rii&nbsp;avute cu noi. <\/p>\n<\/div>\n\n\n\n<div class=\"wp-block-column is-vertically-aligned-center is-layout-flow wp-block-column-is-layout-flow\" style=\"flex-basis:30%\"><\/div>\n<\/div>\n<\/div><\/div>\n<\/div><\/div>\n\n\n\n<div class=\"wp-block-cover alignfull is-light\" style=\"min-height:600px;aspect-ratio:unset;\"><span aria-hidden=\"true\" class=\"wp-block-cover__background has-nv-light-bg-background-color has-background-dim-100 has-background-dim\"><\/span><div class=\"wp-block-cover__inner-container is-layout-flow wp-block-cover-is-layout-flow\">\n<div style=\"height:100px\" aria-hidden=\"true\" class=\"wp-block-spacer\"><\/div>\n\n\n<div class=\"glsr glsr-default\" id=\"glsr_96306ede\" data-from=\"shortcode\" data-shortcode=\"site_reviews_form\"><div class=\"glsr-form-wrap\">\n    <form class=\"glsr-review-form glsr-form\" method=\"post\" enctype=\"multipart\/form-data\">\n        <input type=\"hidden\" name=\"site-reviews[_action]\" value=\"submit-review\" \/>\n<input type=\"hidden\" name=\"site-reviews[_nonce]\" value=\"3cb2a6a068\" \/>\n<input type=\"hidden\" name=\"site-reviews[_post_id]\" value=\"27\" \/>\n<input type=\"hidden\" name=\"site-reviews[_referer]\" value=\"\" \/>\n<input type=\"hidden\" name=\"site-reviews[assigned_posts]\" value=\"\" \/>\n<input type=\"hidden\" name=\"site-reviews[assigned_terms]\" value=\"\" \/>\n<input type=\"hidden\" name=\"site-reviews[assigned_users]\" value=\"\" \/>\n<input type=\"hidden\" name=\"site-reviews[excluded]\" value=\"\" \/>\n<input type=\"hidden\" name=\"site-reviews[form_id]\" value=\"glsr_96306ede\" \/>\n<input type=\"hidden\" name=\"site-reviews[terms_exist]\" value=\"1\" \/>\n<input type=\"hidden\" name=\"site-reviews[form_signature]\" value=\"8HGEy1ytixhcpKiZAkvX5KCuMiMm8GCyqW-WlByrD4Zj3dSUuBXmhyYHnb-bBEX18fydidyJC2XTIRYhYw9Tw_4eJIXh0kj51BEXHrGsSSRdYXS9zTXcSREj39FAFB83slev7iqeV2oUoXfu1iIYMEgM25cpuB04olL9AO_yAyowqVGxny2y73FkuMx6ubI8rCE6uSjgOZjD2h7EQJsVjlT6KxjedkKGRzjDHdjRkY2JQkukoDGWo1p5e64JGwuzVVqGUYjA5U0h_QC8jyNmukeGt9KY43e8OU9Oj-avFwT1Z5P13gnpNb4zTFkH2QbWMV5rMx6Gk6jhj9ZRFQ-gOqWO7jYk_-Aa2ZZlyLClS-JpqZJuXfNEADBwjfv0pbPoVeHhamL7jJdALm7qxbAJK_1e\" \/>\n<div class=\"glsr-field\" style=\"display:none;\"><label for=\"site-reviews-9e7cb88a-glsr_96306ede\">Recenzia dvs:<\/label><input type=\"text\" class=\"glsr-input glsr-input-text\" id=\"site-reviews-9e7cb88a-glsr_96306ede\" name=\"site-reviews[9e7cb88a]\" value=\"\" \/><\/div>\n<div class=\"glsr-field glsr-field-rating glsr-required\" data-field=\"rating\">\n    <label class=\"glsr-label\" for=\"glsr_96306ede-rating\">\n    <span>Scorul acordat de dvs:<\/span>\n<\/label>\n    <select class=\"browser-default disable-select no_wrap no-wrap glsr-select\" id=\"glsr_96306ede-rating\" name=\"site-reviews[rating]\" required><option value=\"\">Select a Rating<\/option><option value=\"5\">5 Stars<\/option><option value=\"4\">4 Stars<\/option><option value=\"3\">3 Stars<\/option><option value=\"2\">2 Stars<\/option><option value=\"1\">1 Star<\/option><\/select>\n    <div class=\"glsr-field-error\"><\/div>\n<\/div>\n<div class=\"glsr-field glsr-field-text glsr-required\" data-field=\"title\">\n    <label class=\"glsr-label\" for=\"glsr_96306ede-title\">\n    <span>Titlul recenziei dvs:<\/span>\n<\/label>\n    <input type=\"text\" class=\"glsr-input glsr-input-text\" id=\"glsr_96306ede-title\" name=\"site-reviews[title]\" required placeholder=\"Rezuma\u021bi recenzia dvs. sau eviden\u021bia\u021bi un detaliu interesant\" value=\"\" \/>\n    <div class=\"glsr-field-error\"><\/div>\n<\/div>\n<div class=\"glsr-field glsr-field-textarea glsr-required\" data-field=\"content\">\n    <label class=\"glsr-label\" for=\"glsr_96306ede-content\">\n    <span>Recenzia dvs:<\/span>\n<\/label>\n    <textarea class=\"glsr-textarea\" id=\"glsr_96306ede-content\" name=\"site-reviews[content]\" required placeholder=\"Spune\u021bi-le oamenilor recenzia dvs.\" rows=\"5\"><\/textarea>\n    <div class=\"glsr-field-error\"><\/div>\n<\/div>\n<div class=\"glsr-field glsr-field-text glsr-required\" data-field=\"name\">\n    <label class=\"glsr-label\" for=\"glsr_96306ede-name\">\n    <span>Numele dvs:<\/span>\n<\/label>\n    <input type=\"text\" class=\"glsr-input glsr-input-text\" id=\"glsr_96306ede-name\" name=\"site-reviews[name]\" required placeholder=\"Spune\u021bi-ne numele dvs.\" value=\"\" \/>\n    <div class=\"glsr-field-error\"><\/div>\n<\/div>\n<div class=\"glsr-field glsr-field-email glsr-required\" data-field=\"email\">\n    <label class=\"glsr-label\" for=\"glsr_96306ede-email\">\n    <span>E-mail-ul dvs:<\/span>\n<\/label>\n    <input type=\"email\" class=\"glsr-input glsr-input-email\" id=\"glsr_96306ede-email\" name=\"site-reviews[email]\" required placeholder=\"Spune\u021bi-ne e-mail-ul dvs.\" value=\"\" \/>\n    <div class=\"glsr-field-error\"><\/div>\n<\/div>\n<div class=\"glsr-field glsr-field-choice glsr-required\" data-field=\"terms\">\n    \n    <span class=\"glsr-field-toggle\">\n    <span class=\"glsr-toggle\">\n        <label for=\"glsr_96306ede-terms-1\">Aceast\u0103 recenzie se bazeaz\u0103 pe propria mea experien\u021b\u0103 \u0219i este p\u0103rerea mea autentic\u0103.<\/label>\n        <span class=\"glsr-toggle-switch\">\n            <input type=\"checkbox\" class=\"glsr-input-toggle\" id=\"glsr_96306ede-terms-1\" name=\"site-reviews[terms]\" required value=\"1\" \/> &#8203; <!-- zero-space character used for alignment -->\n            <span class=\"glsr-toggle-track\"><\/span>\n        <\/span>\n    <\/span>\n<\/span>\n    <div class=\"glsr-field-error\"><\/div>\n<\/div>\n        <div class=\"glsr-form-message\">\n    \n<\/div>\n        <div data-field=\"submit-button\">\n    <div class=\"wp-block-button\">\n        <button type=\"submit\" class=\"glsr-button wp-block-button__link\" aria-busy=\"false\" data-loading=\"Submitting, please wait...\">Trimite recenzia<\/button>\n    <\/div>\n<\/div>\n    <\/form>\n<\/div><\/div>\n\n\n\n<div style=\"height:100px\" aria-hidden=\"true\" class=\"wp-block-spacer\"><\/div>\n\n\n<div class=\"glsr glsr-default\" id=\"glsr_b9a33462\" data-from=\"shortcode\" data-shortcode=\"site_reviews\"><div class=\"glsr-reviews-wrap\">\n    <div class=\"glsr-reviews\">\n        <div class=\"glsr-review\" data-type=\"local\" id=\"review-276\" data-assigned='[]'>\n    <div class=\"glsr-review-title\"><h4 class=\"glsr-tag-value\">Profesionalism \u0219i colaborare eficient\u0103<\/h4><\/div>\n    <div class=\"glsr-review-rating\"><div class=\"glsr-star-rating glsr-stars\" role=\"img\" aria-label=\"Rated 5 out of 5 stars\" data-rating=\"5\" data-reviews=\"0\"><span class=\"glsr-star glsr-star-full\" aria-hidden=\"true\"><\/span><span class=\"glsr-star glsr-star-full\" aria-hidden=\"true\"><\/span><span class=\"glsr-star glsr-star-full\" aria-hidden=\"true\"><\/span><span class=\"glsr-star glsr-star-full\" aria-hidden=\"true\"><\/span><span class=\"glsr-star glsr-star-full\" aria-hidden=\"true\"><\/span><\/div><\/div> <div class=\"glsr-review-date\"><span class=\"glsr-tag-value\">22 noiembrie 2024<\/span><\/div>\n    \n    <div class=\"glsr-review-content\"><div class=\"glsr-tag-value\" data-expanded=\"false\"><p class=\"glsr-hidden-text\" data-show-less=\"Arat\u0103 mai pu\u021bin\" data-show-more=\"Arat\u0103 mai mult\" data-trigger=\"expand\">Am avut pl\u0103cerea de a colabora cu A&D Proiect Solution pentru finalizarea unui proiect important \u0219i nu pot dec\u00e2t s\u0103 le ofer cele mai bune recomand\u0103ri! Profesionalismul, aten\u021bia la detalii \u0219i dedicarea echipei lor sunt remarcabile. De la \u00eenceputul colabor\u0103rii, am fost impresiona\u021bi de modul \u00een care au \u00een\u021beles nevoile proiectului, c\u00e2t \u0219i de<span class=\"glsr-hidden\"> solu\u021biile personalizate pe care le-au oferit. Comunicarea a fost excelent\u0103 pe tot parcursul, iar echipa a fost mereu prompt\u0103 \u00een r\u0103spunsuri \u0219i proactiv\u0103 \u00een identificarea \u0219i rezolvarea eventualelor provoc\u0103ri Finalizarea proiectului a fost o experien\u021b\u0103 lipsit\u0103 de stres datorit\u0103 suportului constant oferit. Recomand \u00eencredere pentru oricine caut\u0103 servicii de consultan\u021b\u0103 de calitate superioar\u0103.<\/span><\/p>\n<p class=\"glsr-hidden\">Mul\u021bumesc pentru o colaborare excelent\u0103!<\/p><\/div><\/div>\n     <div class=\"glsr-review-author\"><span class=\"glsr-tag-value\">Maria A.<\/span><\/div> \n    <div class=\"glsr-review-response\"><div class=\"glsr-tag-value\" data-expanded=\"false\"><div class=\"glsr-review-response-inner\"><p><strong>R\u0103spuns de la A&amp;D Proiect Solution<\/strong><\/p><p>V\u0103 mul\u021bumim pentru \u00eencredere \u0219i pentru recenzie!<\/p><\/div><\/div><\/div>\n<\/div>\n    <\/div>\n    \n<\/div><\/div>\n\n\n\n<div style=\"height:157px\" aria-hidden=\"true\" class=\"wp-block-spacer\"><\/div>\n<\/div><\/div>\n\n\n\n<div class=\"wp-block-cover alignfull is-light\" style=\"min-height:526px;aspect-ratio:unset;\"><span aria-hidden=\"true\" class=\"wp-block-cover__background has-background-dim-100 has-background-dim\" style=\"background-color:#538bb2\"><\/span><div class=\"wp-block-cover__inner-container is-layout-flow wp-block-cover-is-layout-flow\">\n<h2 class=\"wp-block-heading has-text-align-center has-nv-text-dark-bg-color has-text-color\">\u00cencepe ast\u0103zi <br>pe drumul succesului <br>afacerii tale! <\/h2>\n\n\n\n<div class=\"wp-block-buttons is-content-justification-center is-layout-flex wp-container-core-buttons-is-layout-16018d1d wp-block-buttons-is-layout-flex\">\n<div class=\"wp-block-button is-style-primary\"><a class=\"wp-block-button__link wp-element-button\" href=\"https:\/\/proiectsolution.ro\/index.php\/contact\/\">Contacteaza-ne<\/a><\/div>\n<\/div>\n<\/div><\/div>\n\n\n\n<div style=\"height:100px\" aria-hidden=\"true\" class=\"wp-block-spacer\"><\/div>\n\n\n\n<figure class=\"wp-block-gallery has-nested-images columns-default is-cropped wp-block-gallery-1 is-layout-flex wp-block-gallery-is-layout-flex\">\n<figure class=\"wp-block-image size-large\"><img loading=\"lazy\" decoding=\"async\" width=\"1024\" height=\"452\" data-id=\"226\" src=\"https:\/\/proiectsolution.ro\/wp-content\/uploads\/2024\/11\/business-people-1024x452.jpg\" alt=\"\" class=\"wp-image-226\" srcset=\"https:\/\/proiectsolution.ro\/wp-content\/uploads\/2024\/11\/business-people-1024x452.jpg 1024w, https:\/\/proiectsolution.ro\/wp-content\/uploads\/2024\/11\/business-people-300x133.jpg 300w, https:\/\/proiectsolution.ro\/wp-content\/uploads\/2024\/11\/business-people-768x339.jpg 768w, https:\/\/proiectsolution.ro\/wp-content\/uploads\/2024\/11\/business-people.jpg 1213w\" sizes=\"auto, (max-width: 1024px) 100vw, 1024px\" \/><\/figure>\n<\/figure>\n\n\n\n<p><\/p>\n","protected":false},"excerpt":{"rendered":"","protected":false},"author":1,"featured_media":0,"parent":0,"menu_order":0,"comment_status":"closed","ping_status":"closed","template":"","meta":{"neve_meta_sidebar":"","neve_meta_container":"","neve_meta_enable_content_width":"on","neve_meta_content_width":100,"neve_meta_title_alignment":"","neve_meta_author_avatar":"","neve_post_elements_order":"","neve_meta_disable_header":"","neve_meta_disable_footer":"","neve_meta_disable_title":"on","_ti_tpc_template_sync":false,"_ti_tpc_template_id":"","_glsr_average":0,"_glsr_ranking":0,"_glsr_reviews":0,"footnotes":""},"class_list":["post-27","page","type-page","status-publish","hentry"],"_links":{"self":[{"href":"https:\/\/proiectsolution.ro\/index.php\/wp-json\/wp\/v2\/pages\/27","targetHints":{"allow":["GET"]}}],"collection":[{"href":"https:\/\/proiectsolution.ro\/index.php\/wp-json\/wp\/v2\/pages"}],"about":[{"href":"https:\/\/proiectsolution.ro\/index.php\/wp-json\/wp\/v2\/types\/page"}],"author":[{"embeddable":true,"href":"https:\/\/proiectsolution.ro\/index.php\/wp-json\/wp\/v2\/users\/1"}],"replies":[{"embeddable":true,"href":"https:\/\/proiectsolution.ro\/index.php\/wp-json\/wp\/v2\/comments?post=27"}],"version-history":[{"count":16,"href":"https:\/\/proiectsolution.ro\/index.php\/wp-json\/wp\/v2\/pages\/27\/revisions"}],"predecessor-version":[{"id":279,"href":"https:\/\/proiectsolution.ro\/index.php\/wp-json\/wp\/v2\/pages\/27\/revisions\/279"}],"wp:attachment":[{"href":"https:\/\/proiectsolution.ro\/index.php\/wp-json\/wp\/v2\/media?parent=27"}],"curies":[{"name":"wp","href":"https:\/\/api.w.org\/{rel}","templated":true}]}}